{"id":904,"date":"2022-01-25T16:47:07","date_gmt":"2022-01-25T19:47:07","guid":{"rendered":"http:\/\/marleneweissbluth.com.br\/?page_id=904"},"modified":"2022-01-25T16:49:38","modified_gmt":"2022-01-25T19:49:38","slug":"a-lei-geral-de-protecao-de-dados-lgpd-lei-13-709-2018","status":"publish","type":"page","link":"http:\/\/marleneweissbluth.com.br\/?page_id=904","title":{"rendered":"A Lei Geral de Prote\u00e7\u00e3o de Dados \u2013 LGPD (Lei 13.709\/2018)"},"content":{"rendered":"\n<p>Com o marco inicial da vig\u00eancia da Lei Geral de Prote\u00e7\u00e3o de Dados (LGPD), estamos atualizando nossa Pol\u00edtica de Privacidade, tanto para adotar os novos requisitos exigidos na referida lei, como para proporcionar aos nossos clientes maior seguran\u00e7a e transpar\u00eancia.<\/p>\n\n\n\n<p>Desse modo, buscamos redigir nossa Pol\u00edtica de Privacidade de forma clara e acess\u00edvel, buscando esclarecer como realizamos a coleta e tratamento de dados, ressaltando que estamos SEMPRE a disposi\u00e7\u00e3o para caso persista alguma d\u00favida.<\/p>\n\n\n\n<p><strong>PAR\u00c1GRAFO 1\u00ba \u2013 INFORMA\u00c7\u00d5ES:&nbsp;<\/strong>quais&nbsp;informa\u00e7\u00f5es obtemos?<\/p>\n\n\n\n<p>Quando voc\u00ea realiza alguma transa\u00e7\u00e3o com nosso consult\u00f3rio, como parte do processo de compra e venda, coletamos as informa\u00e7\u00f5es pessoais que voc\u00ea nos d\u00e1, tais como: nome, e-mail e endere\u00e7o.<\/p>\n\n\n\n<p>Quando voc\u00ea acessa nosso site, tamb\u00e9m recebemos automaticamente o protocolo de internet do seu computador (endere\u00e7o de IP) a fim de obter informa\u00e7\u00f5es que nos ajudam adaptar nosso sistema ao seu navegador e sistema operacional.<\/p>\n\n\n\n<p><strong>PAR\u00c1GRAFO 2\u00ba \u2013 CONSENTIMENTO:&nbsp;<\/strong>como obtemos seu consentimento?<\/p>\n\n\n\n<p>Quando voc\u00ea fornece informa\u00e7\u00f5es pessoais como nome, telefone e endere\u00e7o, para completar uma transa\u00e7\u00e3o, verificar seu cart\u00e3o de cr\u00e9dito, fazer um pedido, providenciar uma entrega ou retornar uma compra.<\/p>\n\n\n\n<p>Isso \u00e9, ap\u00f3s a realiza\u00e7\u00e3o dessas a\u00e7\u00f5es entendemos que voc\u00ea est\u00e1 de acordo com a coleta dos dados fornecidos para serem utilizados pela nossa empresa para contato.<\/p>\n\n\n\n<p>O envio de e-mails com marketing dos nossos produtos ou servi\u00e7os somente ser\u00e1 enviado caso voc\u00ea tenha interesse e permita expressamente. Nestes e-mails voc\u00ea poder\u00e1 receber not\u00edcias sobre nosso consult\u00f3rio, novos produtos e outras atualiza\u00e7\u00f5es.<\/p>\n\n\n\n<p>Isso \u00e9, se formos pedir suas informa\u00e7\u00f5es pessoais por uma raz\u00e3o secund\u00e1ria, como marketing, vamos SEMPRE lhe questionar sobre seu consentimento, lhe fornecendo a oportunidade de dizer n\u00e3o, caso n\u00e3o se sinta confort\u00e1vel.<\/p>\n\n\n\n<p>E caso voc\u00ea queira retirar seu consentimento, como proceder?<\/p>\n\n\n\n<p>Se ap\u00f3s voc\u00ea nos fornecer seus dados, voc\u00ea mudar de ideia, voc\u00ea pode retirar o seu consentimento para que possamos entrar em contato, para a cole\u00e7\u00e3o de dados cont\u00ednua, uso ou divulga\u00e7\u00e3o de suas informa\u00e7\u00f5es, a qualquer momento, entrando em contato conosco em&nbsp;<strong>contato@marleneweissbluth.com.br<\/strong> ou pelo whatsapp:&nbsp;<strong>(51) 99962-3999&nbsp;.<\/strong><\/p>\n\n\n\n<p><strong>PAR\u00c1GRAFO 3\u00ba \u2013 COMPARTILHAMENTO:&nbsp;<\/strong>n\u00f3s&nbsp;compartilhamos suas informa\u00e7\u00f5es?<\/p>\n\n\n\n<p>N\u00e3o. N\u00f3s s\u00f3 forneceremos seus dados em situa\u00e7\u00f5es excepcionais ou de for\u00e7a maior para fins de comprimento de obriga\u00e7\u00f5es legais e\/ou regulat\u00f3rias.<\/p>\n\n\n\n<p><strong>PAR\u00c1GRAFO 4\u00ba \u2013 SERVI\u00c7OS DE TERCEIROS:&nbsp;<\/strong>e&nbsp;como ficam suas informa\u00e7\u00f5es em rela\u00e7\u00e3o a fornecedores terceirizados?<\/p>\n\n\n\n<p>No geral, os fornecedores terceirizados usados por n\u00f3s ir\u00e3o apenas coletar e usar suas informa\u00e7\u00f5es na medida do necess\u00e1rio para permitir que eles realizem os servi\u00e7os que eles nos fornecem. Esses fornecedores terceiros est\u00e3o vinculados por obriga\u00e7\u00f5es de confidencialidade e est\u00e3o sujeitos \u00e0s san\u00e7\u00f5es, incluindo cancelamento de contrato e responsabiliza\u00e7\u00e3o criminal, caso n\u00e3o cumpram essas obriga\u00e7\u00f5es.<\/p>\n\n\n\n<p>Ademais, certos fornecedores de servi\u00e7os terceirizados, tais como&nbsp;<em>gateways<\/em>&nbsp;de pagamento e outros processadores de transa\u00e7\u00e3o de pagamento, t\u00eam suas pr\u00f3prias pol\u00edticas de privacidade com respeito \u00e0 informa\u00e7\u00e3o que somos obrigados a fornecer para efetividade de suas transa\u00e7\u00f5es relacionadas com compras.<\/p>\n\n\n\n<p>Para esses fornecedores, recomendamos que voc\u00ea leia suas pol\u00edticas de privacidade para que voc\u00ea possa entender a maneira na qual suas informa\u00e7\u00f5es pessoais ser\u00e3o usadas por esses fornecedores.<\/p>\n\n\n\n<p>Uma vez que voc\u00ea deixe o site da nosso consult\u00f3rioou seja redirecionado para um aplicativo ou site de terceiros, voc\u00ea n\u00e3o ser\u00e1 mais regido por essa Pol\u00edtica de Privacidade ou pelos Termos de Servi\u00e7o do nosso site.<\/p>\n\n\n\n<p>Quando voc\u00ea clica em\u00a0<em>links\u00a0<\/em>na nosso consult\u00f3rio, eles podem lhe direcionar para fora do nosso site. N\u00e3o somos respons\u00e1veis pelas pr\u00e1ticas de privacidade de outros sites e lhe incentivamos a ler as declara\u00e7\u00f5es de privacidade deles.<\/p>\n\n\n\n<p><strong>PAR\u00c1GRAFO 5\u00ba \u2013 SEGURAN\u00c7A:<\/strong>&nbsp;quais precau\u00e7\u00f5es tomamos para proteger seus dados?<\/p>\n\n\n\n<p>Para proteger suas informa\u00e7\u00f5es pessoais, tomamos precau\u00e7\u00f5es para o tratamento de dados e seguimos as melhores pr\u00e1ticas da ind\u00fastria para nos certificar que elas n\u00e3o ser\u00e3o perdidas inadequadamente, acessadas, divulgadas, alteradas ou apagadas.<\/p>\n\n\n\n<p>Ademais, somente mantemos seus dados pelo tempo exigido por lei.<\/p>\n\n\n\n<p><strong>PAR\u00c1GRAFO 6\u00ba \u2013 SEUS DIREITOS EM RELA\u00c7\u00c3O AOS SEUS DADOS:&nbsp;<\/strong>quais&nbsp;s\u00e3o os seus direitos em rela\u00e7\u00e3o aos seus dados?<\/p>\n\n\n\n<p>Esclarecemos que resguardamos todos os seus direitos assegurados pela LGPD, tais como; acesso aos dados armazenados; revoga\u00e7\u00e3o de consentimento de utiliza\u00e7\u00e3o de dados; corre\u00e7\u00e3o de dados incompletos ou desatualizados; obten\u00e7\u00e3o de informa\u00e7\u00f5es sobre fornecedores, entidades privadas e p\u00fablicas com as quais compartilhamos seus dados; supress\u00e3o ou bloqueio de dados desnecess\u00e1rio ou excessivos.<\/p>\n\n\n\n<p>N\u00f3s responderemos \u00e0 todas as solicita\u00e7\u00f5es individuais que recebermos, com intuito de exercer os direitos de prote\u00e7\u00e3o de dados de acordo com a legisla\u00e7\u00e3o aplic\u00e1vel de prote\u00e7\u00e3o de dados.<\/p>\n\n\n\n<p><strong>PAR\u00c1GRAFO 7\u00ba \u2013 ALTERA\u00c7\u00d5ES DA POL\u00cdTICA DE PRIVACIDADE:&nbsp;<\/strong>como&nbsp;n\u00f3s publicizaremos as mudan\u00e7as em nossa Pol\u00edtica de Privacidade?<\/p>\n\n\n\n<p>N\u00f3s reservamos o direito de modificar essa pol\u00edtica de privacidade a qualquer momento, ao passo que publicaremos em nosso site e canais de comunica\u00e7\u00e3o quaisquer o informativo sobre as altera\u00e7\u00f5es realizadas e sempre disponibilizaremos nossa vers\u00e3o atualizada da Pol\u00edtica de Privacidade vigente. Altera\u00e7\u00f5es e esclarecimentos v\u00e3o surtir efeito imediatamente ap\u00f3s sua publica\u00e7\u00e3o. Quando fizermos altera\u00e7\u00f5es significativas em nossa pol\u00edtica de privacidade iremos notific\u00e1-lo, informando sobre as atualiza\u00e7\u00f5es e\/ou modifica\u00e7\u00f5es, para que voc\u00ea tenha a op\u00e7\u00e3o, caso discorde, de revogar seu consentimento. De qualquer forma, n\u00f3s lhe encorajamos a revisar frequentemente a pol\u00edtica de privacidade.<\/p>\n\n\n\n<p>Por fim, registramos que se nosso consult\u00f3rio for adquirido ou fundida com outra empresa, suas informa\u00e7\u00f5es podem ser transferidas para os novos propriet\u00e1rios para que eles possam dar continuidade na venda de produtos para voc\u00ea.<\/p>\n","protected":false},"excerpt":{"rendered":"<p>Com o marco inicial da vig\u00eancia da Lei Geral de Prote\u00e7\u00e3o de Dados (LGPD), estamos atualizando nossa Pol\u00edtica de Privacidade, tanto para adotar os novos requisitos<span class=\"excerpt-hellip\"> [\u2026]<\/span><\/p>\n","protected":false},"author":1,"featured_media":0,"parent":0,"menu_order":0,"comment_status":"closed","ping_status":"closed","template":"","meta":[],"_links":{"self":[{"href":"http:\/\/marleneweissbluth.com.br\/index.php?rest_route=\/wp\/v2\/pages\/904"}],"collection":[{"href":"http:\/\/marleneweissbluth.com.br\/index.php?rest_route=\/wp\/v2\/pages"}],"about":[{"href":"http:\/\/marleneweissbluth.com.br\/index.php?rest_route=\/wp\/v2\/types\/page"}],"author":[{"embeddable":true,"href":"http:\/\/marleneweissbluth.com.br\/index.php?rest_route=\/wp\/v2\/users\/1"}],"replies":[{"embeddable":true,"href":"http:\/\/marleneweissbluth.com.br\/index.php?rest_route=%2Fwp%2Fv2%2Fcomments&post=904"}],"version-history":[{"count":3,"href":"http:\/\/marleneweissbluth.com.br\/index.php?rest_route=\/wp\/v2\/pages\/904\/revisions"}],"predecessor-version":[{"id":907,"href":"http:\/\/marleneweissbluth.com.br\/index.php?rest_route=\/wp\/v2\/pages\/904\/revisions\/907"}],"wp:attachment":[{"href":"http:\/\/marleneweissbluth.com.br\/index.php?rest_route=%2Fwp%2Fv2%2Fmedia&parent=904"}],"curies":[{"name":"wp","href":"https:\/\/api.w.org\/{rel}","templated":true}]}}